{"id":84,"date":"2012-10-04T07:16:40","date_gmt":"2012-10-04T05:16:40","guid":{"rendered":"http:\/\/www.heiler-haus.de\/wordpress\/?page_id=84"},"modified":"2015-03-05T04:02:00","modified_gmt":"2015-03-05T02:02:00","slug":"uber-uns","status":"publish","type":"page","link":"https:\/\/www.heiler-haus.de\/wordpress\/uber-uns\/","title":{"rendered":"\u00dcber uns"},"content":{"rendered":"<p style=\"text-align: justify;\"><span style=\"text-align: justify;\"><img loading=\"lazy\" decoding=\"async\" class=\"alignleft size-full wp-image-263\" style=\"border: 0px;\" alt=\"\" src=\"http:\/\/www.heiler-haus.de\/wordpress\/wp-content\/uploads\/2012\/10\/Uber_uns-Pic+wir.jpg\" width=\"300\" height=\"445\" srcset=\"https:\/\/www.heiler-haus.de\/wordpress\/wp-content\/uploads\/2012\/10\/Uber_uns-Pic+wir.jpg 300w, https:\/\/www.heiler-haus.de\/wordpress\/wp-content\/uploads\/2012\/10\/Uber_uns-Pic+wir-202x300.jpg 202w\" sizes=\"auto, (max-width: 300px) 100vw, 300px\" \/><\/span><\/p>\n<p>1950 geboren gab es in der Mitte seines Lebens eine gewaltige Ver\u00e4nderung. Vor \u00fcber 20 Jahren erhielt Yogi Bodhicitta zum ersten Mal pers\u00f6nliche Weisungen der geistigen Wesenheiten, deren Ursprung er das Herz Gottes im Inneren nennt. Sie gaben ihm auch den Namen. Seitdem hat diese sanfte Stimme der inneren F\u00fchrung\u00a0der Wesenheiten nicht nur sein Leben, sondern sein ganzes Sein in Weisheit gebracht. Durch dieses tiefgreifende Erlebniss hatte er sein \u201caltes\u201d Leben aufgegeben. Das eigene Konstruktionsb\u00fcro, Haus, Segeljacht all die Sicherheiten die ein Mensch sich erschafft. Begann durch diese innere Weisung und der Kraft die durch ihn flie\u00dft, Menschen aus Leiden und Schmerzen zu f\u00fchren. Diese Inspiration war auch die Kraft die ihm dieses Haus gr\u00fcnden lie\u00df f\u00fcr Menschen die suchen und die Wahrheit wirklich wissen wollen. F\u00fcr Menschen die Hilfe suchen und genug von Leiden und Schmerzen im Leben haben. Durch dieses geistige Wissen der Weisheitswesen, der Verbundenheit und die Kraft versucht er Menschen aus Leiden und Schmerzen zu befreien. Dies ist auch mit harter meditativer Arbeit mit sich selbst verbunden, wie er immer wieder in den Seminaren und Vortr\u00e4gen betont. In ein neues Bewusstsein gehen in dem Liebe und Mitgef\u00fchl des Herzens das Leben f\u00fchren und nicht das ichbezogene Sein. Es ist die uralte tibetische Lehre mit all seinen Wahrheiten und Weisheiten. Dies wurde ihm erst sp\u00e4ter bewusst als er tibetische Unterweisungen erhielt durch tibetische M\u00f6nche und was die geistigen Wesenheiten ihm vermitteln mit denen er immer verbunden ist und gef\u00fchrt wird. Ich vermag nichts sagt er, nur durch ihn und seine F\u00fchrung vermag ich das Wissen und die Kraft zu haben.<\/p>\n<p style=\"text-align: center;\">Diese Weisheiten, Wahrheiten und die Kraft durfte er an\u00a0drei Menschen weitergeben&#8230;&#8230;&#8230;.<\/p>\n","protected":false},"excerpt":{"rendered":"<p>1950 geboren gab es in der Mitte seines Lebens eine gewaltige Ver\u00e4nderung. Vor \u00fcber 20 Jahren erhielt Yogi Bodhicitta zum ersten Mal pers\u00f6nliche Weisungen der geistigen Wesenheiten, deren Ursprung er das Herz Gottes im Inneren nennt. Sie gaben ihm auch den Namen. Seitdem hat diese sanfte Stimme der inneren F\u00fchrung\u00a0der Wesenheiten nicht nur sein Leben, &hellip; <\/p>\n<p><a class=\"more-link btn\" href=\"https:\/\/www.heiler-haus.de\/wordpress\/uber-uns\/\">Weiterlesen<\/a><\/p>\n","protected":false},"author":1,"featured_media":259,"parent":0,"menu_order":5,"comment_status":"open","ping_status":"open","template":"","meta":{"footnotes":""},"class_list":["post-84","page","type-page","status-publish","has-post-thumbnail","hentry","nodate","item-wrap"],"_links":{"self":[{"href":"https:\/\/www.heiler-haus.de\/wordpress\/wp-json\/wp\/v2\/pages\/84","targetHints":{"allow":["GET"]}}],"collection":[{"href":"https:\/\/www.heiler-haus.de\/wordpress\/wp-json\/wp\/v2\/pages"}],"about":[{"href":"https:\/\/www.heiler-haus.de\/wordpress\/wp-json\/wp\/v2\/types\/page"}],"author":[{"embeddable":true,"href":"https:\/\/www.heiler-haus.de\/wordpress\/wp-json\/wp\/v2\/users\/1"}],"replies":[{"embeddable":true,"href":"https:\/\/www.heiler-haus.de\/wordpress\/wp-json\/wp\/v2\/comments?post=84"}],"version-history":[{"count":12,"href":"https:\/\/www.heiler-haus.de\/wordpress\/wp-json\/wp\/v2\/pages\/84\/revisions"}],"predecessor-version":[{"id":88,"href":"https:\/\/www.heiler-haus.de\/wordpress\/wp-json\/wp\/v2\/pages\/84\/revisions\/88"}],"wp:featuredmedia":[{"embeddable":true,"href":"https:\/\/www.heiler-haus.de\/wordpress\/wp-json\/wp\/v2\/media\/259"}],"wp:attachment":[{"href":"https:\/\/www.heiler-haus.de\/wordpress\/wp-json\/wp\/v2\/media?parent=84"}],"curies":[{"name":"wp","href":"https:\/\/api.w.org\/{rel}","templated":true}]}}