{"id":34,"date":"2012-08-14T11:36:37","date_gmt":"2012-08-14T09:36:37","guid":{"rendered":"http:\/\/www.heiler-haus.de\/wordpress\/?page_id=34"},"modified":"2024-04-25T09:48:11","modified_gmt":"2024-04-25T07:48:11","slug":"geistheilung","status":"publish","type":"page","link":"https:\/\/www.heiler-haus.de\/wordpress\/geistheilung\/","title":{"rendered":"Geistheilung"},"content":{"rendered":"<p><img loading=\"lazy\" decoding=\"async\" class=\"alignleft size-full wp-image-47\" style=\"border: 0px;\" title=\"seite2\" src=\"http:\/\/www.heiler-haus.de\/wordpress\/wp-content\/uploads\/2012\/08\/seite2-3-U.png\" alt=\"\" width=\"182\" height=\"309\" \/><\/p>\n<p style=\"text-align: justify;\"><img loading=\"lazy\" decoding=\"async\" class=\"alignright size-full wp-image-46\" style=\"border: 0px;\" title=\"seite2\" src=\"http:\/\/www.heiler-haus.de\/wordpress\/wp-content\/uploads\/2012\/08\/seite2-3-M.png\" alt=\"\" width=\"159\" height=\"314\" \/> &#8230;&#8230;.diese unterst\u00fctzende Ma\u00dfnahme ist nicht auf der materiellen Ebene angeordnet. Sie ist eine geistige, feinstoffliche energetische Kraft und auf dieser Ebene bewegt sie sich. Sie brauchen nicht daran zu glauben oder religi\u00f6s zu sein. Es ist so alt wie diese Welt und die Menschen die auf dieser Welt leben, ihn wieder in einer ganzheitlichen Harmonie zu bringen, eine Einheit von K\u00f6rper, Geist und Seele. Das eigene System zu unterst\u00fctzen die Hindernisse und die daraus entstandenen Disharmonien in ihren leidlosen Ursprung zu bringen. Vielen Menschen durften wir so schon unterst\u00fctzend helfen. Rufen Sie uns an machen Sie einen unverbindlichen Gespr\u00e4chstermin. Wir freuen uns vielleicht auch sie in einer Lebenskrise unterst\u00fctzend begleiten zu d\u00fcrfen. Wir m\u00f6chten Ihnen noch sagen das unsere Arbeit nichts mit Reiki oder sonstigen neuen energetischen Bereichen zu tun hat, davon distanzieren wir uns ausdr\u00fccklich. Dieser Bereich geschieht grunds\u00e4tzlich in Einzelterminen.<\/p>\n<p style=\"text-align: justify;\"><span style=\"color: #ffffff;\"><em>Wir weisen Sie darauf hin das wir weder Arzt noch Heilpraktiker sind und diese auch\u00a0nicht ersetzen k\u00f6nnen und wollen. Es ersetzt keine Medikamente oder therapeutische \u00e4rztliche Anordnungen. Dies wird von uns in keiner Weise ber\u00fchrt.<\/em><\/span><\/p>\n<p><img loading=\"lazy\" decoding=\"async\" class=\"alignleft wp-image-305 size-full\" style=\"border: 0px;\" title=\"seite2\" src=\"http:\/\/www.heiler-haus.de\/wordpress\/wp-content\/uploads\/2020\/04\/Geistheilung.jpg\" alt=\"\" width=\"1600\" height=\"400\" srcset=\"https:\/\/www.heiler-haus.de\/wordpress\/wp-content\/uploads\/2020\/04\/Geistheilung.jpg 1600w, https:\/\/www.heiler-haus.de\/wordpress\/wp-content\/uploads\/2020\/04\/Geistheilung-300x75.jpg 300w, https:\/\/www.heiler-haus.de\/wordpress\/wp-content\/uploads\/2020\/04\/Geistheilung-1024x256.jpg 1024w, https:\/\/www.heiler-haus.de\/wordpress\/wp-content\/uploads\/2020\/04\/Geistheilung-768x192.jpg 768w, https:\/\/www.heiler-haus.de\/wordpress\/wp-content\/uploads\/2020\/04\/Geistheilung-1536x384.jpg 1536w\" sizes=\"auto, (max-width: 1600px) 100vw, 1600px\" \/><\/p>\n","protected":false},"excerpt":{"rendered":"<p>&#8230;&#8230;.diese unterst\u00fctzende Ma\u00dfnahme ist nicht auf der materiellen Ebene angeordnet. Sie ist eine geistige, feinstoffliche energetische Kraft und auf dieser Ebene bewegt sie sich. Sie brauchen nicht daran zu glauben oder religi\u00f6s zu sein. Es ist so alt wie diese Welt und die Menschen die auf dieser Welt leben, ihn wieder in einer ganzheitlichen Harmonie &hellip; <\/p>\n<p><a class=\"more-link btn\" href=\"https:\/\/www.heiler-haus.de\/wordpress\/geistheilung\/\">Weiterlesen<\/a><\/p>\n","protected":false},"author":1,"featured_media":99,"parent":0,"menu_order":1,"comment_status":"open","ping_status":"open","template":"","meta":{"footnotes":""},"class_list":["post-34","page","type-page","status-publish","has-post-thumbnail","hentry","nodate","item-wrap"],"_links":{"self":[{"href":"https:\/\/www.heiler-haus.de\/wordpress\/wp-json\/wp\/v2\/pages\/34","targetHints":{"allow":["GET"]}}],"collection":[{"href":"https:\/\/www.heiler-haus.de\/wordpress\/wp-json\/wp\/v2\/pages"}],"about":[{"href":"https:\/\/www.heiler-haus.de\/wordpress\/wp-json\/wp\/v2\/types\/page"}],"author":[{"embeddable":true,"href":"https:\/\/www.heiler-haus.de\/wordpress\/wp-json\/wp\/v2\/users\/1"}],"replies":[{"embeddable":true,"href":"https:\/\/www.heiler-haus.de\/wordpress\/wp-json\/wp\/v2\/comments?post=34"}],"version-history":[{"count":27,"href":"https:\/\/www.heiler-haus.de\/wordpress\/wp-json\/wp\/v2\/pages\/34\/revisions"}],"predecessor-version":[{"id":358,"href":"https:\/\/www.heiler-haus.de\/wordpress\/wp-json\/wp\/v2\/pages\/34\/revisions\/358"}],"wp:featuredmedia":[{"embeddable":true,"href":"https:\/\/www.heiler-haus.de\/wordpress\/wp-json\/wp\/v2\/media\/99"}],"wp:attachment":[{"href":"https:\/\/www.heiler-haus.de\/wordpress\/wp-json\/wp\/v2\/media?parent=34"}],"curies":[{"name":"wp","href":"https:\/\/api.w.org\/{rel}","templated":true}]}}